{"id":2884,"date":"2019-02-06T18:26:18","date_gmt":"2019-02-06T17:26:18","guid":{"rendered":"https:\/\/www.brumbrum.it\/blog\/?page_id=2884"},"modified":"2019-02-11T16:19:57","modified_gmt":"2019-02-11T15:19:57","slug":"chi-siamo","status":"publish","type":"page","link":"https:\/\/www.brumbrum.it\/blog\/chi-siamo\/","title":{"rendered":"Chi siamo"},"content":{"rendered":"\n<p>Il blog di brumbrum nasce per rispondere alle esigenze degli utenti che vogliono conoscere o approfondire aspetti, notizie e curiosit\u00e0 sul mondo delle auto! Tutto il team si impegna a diffondere con professionalit\u00e0 e competenza tutto ci\u00f2 che \u00e8 bene sapere per diventare un vero intenditore o semplicemente un acquirente scrupoloso! <\/p>\n\n\n\n<p>Restate aggiornati per non perdervi tutti i successi e i prossimi obiettivi di <a rel=\"\" aria-label=\"brumbrum (si apre in una nuova scheda)\" href=\"https:\/\/www.brumbrum.it\/\" target=\"\">brumbrum<\/a>!<\/p>\n\n\n\n<p style=\"background: #e9f7fa; padding: 20px 20px; text-align: center;max-width: 900px; margin: auto;\">Per contattarci scrivete a <strong><a href=\"mailto:redazione@brumbrum.it?subject=Contatto dal blog\">redazione@brumbrum.it<\/a><\/strong><\/p>\n\n\n\n<hr style=\"border-top: 1px solid #ddd;margin-top: 50px;\">\n<div style=\"margin-top: 30px;\"><\/div>\n\n\n\n<p class=\"titolo-team\">Ecco i team di professionisti che scrivono per noi!<\/p>\n\n\n\n<div style=\"margin-top: 30px;\"><\/div>\n\n\n\n<div class=\"wp-block-image\"><figure class=\"alignleft\"><img decoding=\"async\" width=\"301\" height=\"301\" src=\"https:\/\/files.brumbrum.it\/blog\/wp-content\/uploads\/2019\/02\/07100805\/avatar-2.png\" alt=\"\" class=\"wp-image-2933\" srcset=\"https:\/\/files.brumbrum.it\/blog\/wp-content\/uploads\/2019\/02\/07100805\/avatar-2.png 301w, https:\/\/files.brumbrum.it\/blog\/wp-content\/uploads\/2019\/02\/07100805\/avatar-2-150x150.png 150w, https:\/\/files.brumbrum.it\/blog\/wp-content\/uploads\/2019\/02\/07100805\/avatar-2-300x300.png 300w, https:\/\/files.brumbrum.it\/blog\/wp-content\/uploads\/2019\/02\/07100805\/avatar-2-180x180.png 180w\" sizes=\"(max-width: 301px) 100vw, 301px\" \/><\/figure><\/div>\n\n\n\n<h2 class=\"wp-block-heading\">Team Meccanici<\/h2>\n\n\n\n<p class=\"text-img\">I meccanici di brumbrum, non sono meccanici qualunque! Attenti, precisi e scrupolosi, <strong>hanno coniugato il lavoro d&#8217;officina con quello della piattaforma virtuale<\/strong>, assicurandosi di proporre online solo modelli di qualit\u00e0, testati con le loro mani. Condividono con voi alcuni trucchi o consigli del mestiere, per illustrarvi con semplicit\u00e0 e chiarezza cosa si nasconde dietro a un&#8217;automobile. <\/p>\n\n\n\n<div class=\"text-space\"><\/div>\n\n\n\n<div class=\"wp-block-image\"><figure class=\"alignleft\"><img decoding=\"async\" width=\"301\" height=\"301\" src=\"https:\/\/files.brumbrum.it\/blog\/wp-content\/uploads\/2019\/02\/07100806\/avatar-3.png\" alt=\"\" class=\"wp-image-2934\" srcset=\"https:\/\/files.brumbrum.it\/blog\/wp-content\/uploads\/2019\/02\/07100806\/avatar-3.png 301w, https:\/\/files.brumbrum.it\/blog\/wp-content\/uploads\/2019\/02\/07100806\/avatar-3-150x150.png 150w, https:\/\/files.brumbrum.it\/blog\/wp-content\/uploads\/2019\/02\/07100806\/avatar-3-300x300.png 300w, https:\/\/files.brumbrum.it\/blog\/wp-content\/uploads\/2019\/02\/07100806\/avatar-3-180x180.png 180w\" sizes=\"(max-width: 301px) 100vw, 301px\" \/><\/figure><\/div>\n\n\n\n<h2 class=\"wp-block-heading\">Servizio Clienti <\/h2>\n\n\n\n<p class=\"text-img\">Avete gi\u00e0 contattato il nostro Servizio Clienti? Allora, avete gi\u00e0 avuto prova della loro <strong>competenza e disponibilit\u00e0<\/strong>. I nostri operatori sono qualificati per rispondere a ogni vostra domanda e per accompagnarvi nel percorso che concerne l&#8217;acquisto di un&#8217;auto, dal prima al dopo. Proprio per questo, chiariscono su questo blog i principali quesiti, dubbi o semplicemente informazioni richieste dei nostri clienti, per condividere con voi la loro esperienza e conoscenza.<\/p>\n\n\n\n<div class=\"text-space\"><\/div>\n\n\n\n<div class=\"wp-block-image\"><figure class=\"alignleft\"><img decoding=\"async\" width=\"301\" height=\"301\" src=\"https:\/\/files.brumbrum.it\/blog\/wp-content\/uploads\/2019\/02\/07100807\/avatar-4.png\" alt=\"\" class=\"wp-image-2935\" srcset=\"https:\/\/files.brumbrum.it\/blog\/wp-content\/uploads\/2019\/02\/07100807\/avatar-4.png 301w, https:\/\/files.brumbrum.it\/blog\/wp-content\/uploads\/2019\/02\/07100807\/avatar-4-150x150.png 150w, https:\/\/files.brumbrum.it\/blog\/wp-content\/uploads\/2019\/02\/07100807\/avatar-4-300x300.png 300w, https:\/\/files.brumbrum.it\/blog\/wp-content\/uploads\/2019\/02\/07100807\/avatar-4-180x180.png 180w\" sizes=\"(max-width: 301px) 100vw, 301px\" \/><\/figure><\/div>\n\n\n\n<h2 class=\"wp-block-heading\">Osservatorio brumbrum<\/h2>\n\n\n\n<p class=\"text-img\">Niente sfugge al loro sguardo! Quando si parla di dati e di auto, sono in prima linea per ricercare e documentare con scientificit\u00e0 e professionalit\u00e0 le evoluzioni del mondo dell&#8217;automotive. Grazie a un <strong>sofisticato sistema di ricerca e pricing tramite machine learning<\/strong>, offrono il meglio del mercato sulla nostra vetrina, sempre aggiornata con le auto pi\u00f9 richieste.<\/p>\n\n\n\n<div class=\"text-space\"><\/div>\n\n\n\n<div class=\"wp-block-image\"><figure class=\"alignleft\"><img decoding=\"async\" width=\"301\" height=\"301\" src=\"https:\/\/files.brumbrum.it\/blog\/wp-content\/uploads\/2019\/02\/07100808\/avatar-5.png\" alt=\"\" class=\"wp-image-2936\" srcset=\"https:\/\/files.brumbrum.it\/blog\/wp-content\/uploads\/2019\/02\/07100808\/avatar-5.png 301w, https:\/\/files.brumbrum.it\/blog\/wp-content\/uploads\/2019\/02\/07100808\/avatar-5-150x150.png 150w, https:\/\/files.brumbrum.it\/blog\/wp-content\/uploads\/2019\/02\/07100808\/avatar-5-300x300.png 300w, https:\/\/files.brumbrum.it\/blog\/wp-content\/uploads\/2019\/02\/07100808\/avatar-5-180x180.png 180w\" sizes=\"(max-width: 301px) 100vw, 301px\" \/><\/figure><\/div>\n\n\n\n<h2 class=\"wp-block-heading\">PR e Comunicazione<\/h2>\n\n\n\n<p class=\"text-img\">Sempre sul pezzo per darvi <strong>gli ultimi aggiornamenti sull&#8217;avanguardistico mondo di brumbrum<\/strong>! Il team vi racconta le novit\u00e0 e le curiosit\u00e0 della nostra piattaforma digitale che ogni giorno aggiunge nuovi elementi per assicurarvi un&#8217;esperienza d&#8217;acquisto innovativa in ambito automotive. <\/p>\n\n\n\n<div style=\"margin-top: 30px;\"><\/div>\n\n\n\n<div style=\"margin-top: 60px;\"><\/div>\n","protected":false},"excerpt":{"rendered":"<p>Il blog di brumbrum nasce per rispondere alle esigenze degli utenti che vogliono conoscere o approfondire aspetti, notizie e curiosit\u00e0 sul mondo delle auto! Tutto il team si impegna a diffondere con professionalit\u00e0 e competenza tutto ci\u00f2 che \u00e8 bene sapere per diventare un vero intenditore o semplicemente un acquirente scrupoloso! Restate aggiornati per non perdervi tutti i successi e i prossimi obiettivi di brumbrum! Per contattarci scrivete a redazione@brumbrum.it Ecco i team di professionisti che scrivono per noi! Team Meccanici I meccanici di brumbrum, non sono meccanici qualunque! Attenti, precisi e scrupolosi, hanno coniugato il lavoro d&#8217;officina con quello [&hellip;]<\/p>\n","protected":false},"author":8,"featured_media":0,"parent":0,"menu_order":0,"comment_status":"closed","ping_status":"closed","template":"","meta":{"footnotes":""},"yoast_head":"<!-- This site is optimized with the Yoast SEO plugin v21.6 - https:\/\/yoast.com\/wordpress\/plugins\/seo\/ -->\n<title>Chi siamo: gli autori dietro il blog - brumbrum BLOG<\/title>\n<meta name=\"description\" content=\"Le teste dietro al blog di brumbrum sono molte e collaborano insieme per scoprire e diffondere tutto ci\u00f2 che c&#039;\u00e8 da sapere sul mondo dell&#039;automobile.\" \/>\n<meta name=\"robots\" content=\"index, follow, max-snippet:-1, max-image-preview:large, max-video-preview:-1\" \/>\n<link rel=\"canonical\" href=\"https:\/\/www.brumbrum.it\/blog\/chi-siamo\/\" \/>\n<meta property=\"og:locale\" content=\"it_IT\" \/>\n<meta property=\"og:type\" content=\"article\" \/>\n<meta property=\"og:title\" content=\"Chi siamo: gli autori dietro il blog - brumbrum BLOG\" \/>\n<meta property=\"og:description\" content=\"Le teste dietro al blog di brumbrum sono molte e collaborano insieme per scoprire e diffondere tutto ci\u00f2 che c&#039;\u00e8 da sapere sul mondo dell&#039;automobile.\" \/>\n<meta property=\"og:url\" content=\"https:\/\/www.brumbrum.it\/blog\/chi-siamo\/\" \/>\n<meta property=\"og:site_name\" content=\"brumbrum BLOG\" \/>\n<meta property=\"article:modified_time\" content=\"2019-02-11T15:19:57+00:00\" \/>\n<meta property=\"og:image\" content=\"https:\/\/www.brumbrum.it\/blog\/wp-content\/uploads\/2019\/02\/avatar-2.png\" \/>\n<meta name=\"twitter:card\" content=\"summary_large_image\" \/>\n<meta name=\"twitter:label1\" content=\"Est. reading time\" \/>\n\t<meta name=\"twitter:data1\" content=\"2 minuti\" \/>\n<script type=\"application\/ld+json\" class=\"yoast-schema-graph\">{\"@context\":\"https:\/\/schema.org\",\"@graph\":[{\"@type\":\"WebPage\",\"@id\":\"https:\/\/www.brumbrum.it\/blog\/chi-siamo\/\",\"url\":\"https:\/\/www.brumbrum.it\/blog\/chi-siamo\/\",\"name\":\"Chi siamo: gli autori dietro il blog - brumbrum BLOG\",\"isPartOf\":{\"@id\":\"https:\/\/www.brumbrum.it\/blog\/#website\"},\"datePublished\":\"2019-02-06T17:26:18+00:00\",\"dateModified\":\"2019-02-11T15:19:57+00:00\",\"description\":\"Le teste dietro al blog di brumbrum sono molte e collaborano insieme per scoprire e diffondere tutto ci\u00f2 che c'\u00e8 da sapere sul mondo dell'automobile.\",\"breadcrumb\":{\"@id\":\"https:\/\/www.brumbrum.it\/blog\/chi-siamo\/#breadcrumb\"},\"inLanguage\":\"it-IT\",\"potentialAction\":[{\"@type\":\"ReadAction\",\"target\":[\"https:\/\/www.brumbrum.it\/blog\/chi-siamo\/\"]}]},{\"@type\":\"BreadcrumbList\",\"@id\":\"https:\/\/www.brumbrum.it\/blog\/chi-siamo\/#breadcrumb\",\"itemListElement\":[{\"@type\":\"ListItem\",\"position\":1,\"name\":\"Home\",\"item\":\"https:\/\/www.brumbrum.it\/blog\/\"},{\"@type\":\"ListItem\",\"position\":2,\"name\":\"Chi siamo\"}]},{\"@type\":\"WebSite\",\"@id\":\"https:\/\/www.brumbrum.it\/blog\/#website\",\"url\":\"https:\/\/www.brumbrum.it\/blog\/\",\"name\":\"brumbrum BLOG\",\"description\":\"Pronti a guidare\",\"potentialAction\":[{\"@type\":\"SearchAction\",\"target\":{\"@type\":\"EntryPoint\",\"urlTemplate\":\"https:\/\/www.brumbrum.it\/blog\/?s={search_term_string}\"},\"query-input\":\"required name=search_term_string\"}],\"inLanguage\":\"it-IT\"}]}<\/script>\n<!-- \/ Yoast SEO plugin. -->","yoast_head_json":{"title":"Chi siamo: gli autori dietro il blog - brumbrum BLOG","description":"Le teste dietro al blog di brumbrum sono molte e collaborano insieme per scoprire e diffondere tutto ci\u00f2 che c'\u00e8 da sapere sul mondo dell'automobile.","robots":{"index":"index","follow":"follow","max-snippet":"max-snippet:-1","max-image-preview":"max-image-preview:large","max-video-preview":"max-video-preview:-1"},"canonical":"https:\/\/www.brumbrum.it\/blog\/chi-siamo\/","og_locale":"it_IT","og_type":"article","og_title":"Chi siamo: gli autori dietro il blog - brumbrum BLOG","og_description":"Le teste dietro al blog di brumbrum sono molte e collaborano insieme per scoprire e diffondere tutto ci\u00f2 che c'\u00e8 da sapere sul mondo dell'automobile.","og_url":"https:\/\/www.brumbrum.it\/blog\/chi-siamo\/","og_site_name":"brumbrum BLOG","article_modified_time":"2019-02-11T15:19:57+00:00","og_image":[{"url":"https:\/\/www.brumbrum.it\/blog\/wp-content\/uploads\/2019\/02\/avatar-2.png"}],"twitter_card":"summary_large_image","twitter_misc":{"Est. reading time":"2 minuti"},"schema":{"@context":"https:\/\/schema.org","@graph":[{"@type":"WebPage","@id":"https:\/\/www.brumbrum.it\/blog\/chi-siamo\/","url":"https:\/\/www.brumbrum.it\/blog\/chi-siamo\/","name":"Chi siamo: gli autori dietro il blog - brumbrum BLOG","isPartOf":{"@id":"https:\/\/www.brumbrum.it\/blog\/#website"},"datePublished":"2019-02-06T17:26:18+00:00","dateModified":"2019-02-11T15:19:57+00:00","description":"Le teste dietro al blog di brumbrum sono molte e collaborano insieme per scoprire e diffondere tutto ci\u00f2 che c'\u00e8 da sapere sul mondo dell'automobile.","breadcrumb":{"@id":"https:\/\/www.brumbrum.it\/blog\/chi-siamo\/#breadcrumb"},"inLanguage":"it-IT","potentialAction":[{"@type":"ReadAction","target":["https:\/\/www.brumbrum.it\/blog\/chi-siamo\/"]}]},{"@type":"BreadcrumbList","@id":"https:\/\/www.brumbrum.it\/blog\/chi-siamo\/#breadcrumb","itemListElement":[{"@type":"ListItem","position":1,"name":"Home","item":"https:\/\/www.brumbrum.it\/blog\/"},{"@type":"ListItem","position":2,"name":"Chi siamo"}]},{"@type":"WebSite","@id":"https:\/\/www.brumbrum.it\/blog\/#website","url":"https:\/\/www.brumbrum.it\/blog\/","name":"brumbrum BLOG","description":"Pronti a guidare","potentialAction":[{"@type":"SearchAction","target":{"@type":"EntryPoint","urlTemplate":"https:\/\/www.brumbrum.it\/blog\/?s={search_term_string}"},"query-input":"required name=search_term_string"}],"inLanguage":"it-IT"}]}},"_links":{"self":[{"href":"https:\/\/www.brumbrum.it\/blog\/wp-json\/wp\/v2\/pages\/2884"}],"collection":[{"href":"https:\/\/www.brumbrum.it\/blog\/wp-json\/wp\/v2\/pages"}],"about":[{"href":"https:\/\/www.brumbrum.it\/blog\/wp-json\/wp\/v2\/types\/page"}],"author":[{"embeddable":true,"href":"https:\/\/www.brumbrum.it\/blog\/wp-json\/wp\/v2\/users\/8"}],"replies":[{"embeddable":true,"href":"https:\/\/www.brumbrum.it\/blog\/wp-json\/wp\/v2\/comments?post=2884"}],"version-history":[{"count":45,"href":"https:\/\/www.brumbrum.it\/blog\/wp-json\/wp\/v2\/pages\/2884\/revisions"}],"predecessor-version":[{"id":21941,"href":"https:\/\/www.brumbrum.it\/blog\/wp-json\/wp\/v2\/pages\/2884\/revisions\/21941"}],"wp:attachment":[{"href":"https:\/\/www.brumbrum.it\/blog\/wp-json\/wp\/v2\/media?parent=2884"}],"curies":[{"name":"wp","href":"https:\/\/api.w.org\/{rel}","templated":true}]}}